    {"id":74,"date":"2025-11-07T20:12:11","date_gmt":"2025-11-07T20:12:11","guid":{"rendered":"https:\/\/zapbitz.com\/?page_id=74"},"modified":"2025-12-03T17:45:10","modified_gmt":"2025-12-03T17:45:10","slug":"contact","status":"publish","type":"page","link":"https:\/\/zapbitz.com\/es\/contact\/","title":{"rendered":"Contacto"},"content":{"rendered":"<p>Gracias por visitarnos <strong>ZapBitz<\/strong>Tu fuente de confianza para conocer las tendencias digitales, la tecnolog\u00eda inteligente y las perspectivas de innovaci\u00f3n. Valoramos mucho tus mensajes y estamos aqu\u00ed para conectar, colaborar y apoyar tu transformaci\u00f3n digital.<\/p>\n\n\n\n<h3 class=\"wp-block-heading\"><strong>Consultas generales<\/strong><\/h3>\n\n\n\n<p>\u00bfTienes alguna pregunta sobre? <strong>ZapBitz<\/strong> \u00bfO simplemente quieres ponerte en contacto?<br>Env\u00edenos un correo electr\u00f3nico a <strong>contacto@zapbitz.com<\/strong><br>Nos encanta saber de nuestros lectores y socios. Nos comunicaremos con usted lo antes posible.<\/p>\n\n\n\n<h3 class=\"wp-block-heading\"><strong>Sugerencias y contribuciones de contenido<\/strong><\/h3>\n\n\n\n<p>\u00bfTienes una idea para un nuevo art\u00edculo? \u00bfQuieres compartir tu experiencia en tecnolog\u00eda, innovaci\u00f3n o cultura digital?<br>Contactar a <strong>contacto@zapbitz.com<\/strong><br>Siempre estamos buscando nuevas perspectivas y mentes creativas que quieran explorar el futuro de la tecnolog\u00eda y compartir conocimientos valiosos con nuestra audiencia.<\/p>\n\n\n\n<h3 class=\"wp-block-heading\"><strong>Apoyo t\u00e9cnico<\/strong><\/h3>\n\n\n\n<p>Si tiene alg\u00fan problema con nuestro sitio web, boletines informativos o acceso al contenido, no dude en contactarnos. <strong>contacto@zapbitz.com<\/strong><br>Estamos aqu\u00ed para asegurarnos de que su experiencia con <strong>ZapBitz<\/strong> Es suave, seguro y agradable.<\/p>\n\n\n\n<h3 class=\"wp-block-heading\"><strong>Mantente conectado<\/strong><\/h3>\n\n\n\n<p><strong>ZapBitz<\/strong> Es una plataforma digital creada para lectores, profesionales e innovadores de todo el mundo.<br>Si bien no operamos desde una oficina f\u00edsica, siempre estamos en l\u00ednea, listos para escuchar, colaborar y crecer con nuestra comunidad.<\/p>\n\n\n\n<p>Gracias por ser parte de la <strong>ZapBitz<\/strong> comunidad.<br>\u00a1Esperamos saber de usted pronto!<\/p>\n\n\n\n<p>Un cordial saludo,<br><strong>El equipo de ZapBitz<\/strong><\/p>","protected":false},"excerpt":{"rendered":"<p>Gracias por visitar ZapBitz, tu fuente confiable de tendencias digitales, tecnolog\u00eda inteligente e informaci\u00f3n sobre innovaci\u00f3n. Valoramos mucho tus mensajes y estamos aqu\u00ed para conectar, colaborar y apoyarte en tu transformaci\u00f3n digital. Consultas generales \u00bfTienes alguna pregunta sobre ZapBitz o simplemente quieres ponerte en contacto con nosotros? Escr\u00edbenos a contact@zapbitz.com Nos encanta saber de nuestros lectores [\u2026]<\/p>","protected":false},"author":50,"featured_media":0,"parent":0,"menu_order":0,"comment_status":"closed","ping_status":"closed","template":"","meta":{"footnotes":""},"_links":{"self":[{"href":"https:\/\/zapbitz.com\/es\/wp-json\/wp\/v2\/pages\/74"}],"collection":[{"href":"https:\/\/zapbitz.com\/es\/wp-json\/wp\/v2\/pages"}],"about":[{"href":"https:\/\/zapbitz.com\/es\/wp-json\/wp\/v2\/types\/page"}],"author":[{"embeddable":true,"href":"https:\/\/zapbitz.com\/es\/wp-json\/wp\/v2\/users\/50"}],"replies":[{"embeddable":true,"href":"https:\/\/zapbitz.com\/es\/wp-json\/wp\/v2\/comments?post=74"}],"version-history":[{"count":3,"href":"https:\/\/zapbitz.com\/es\/wp-json\/wp\/v2\/pages\/74\/revisions"}],"predecessor-version":[{"id":129,"href":"https:\/\/zapbitz.com\/es\/wp-json\/wp\/v2\/pages\/74\/revisions\/129"}],"wp:attachment":[{"href":"https:\/\/zapbitz.com\/es\/wp-json\/wp\/v2\/media?parent=74"}],"curies":[{"name":"wp","href":"https:\/\/api.w.org\/{rel}","templated":true}]}}