    {"id":76,"date":"2025-11-07T20:13:17","date_gmt":"2025-11-07T20:13:17","guid":{"rendered":"https:\/\/zapbitz.com\/?page_id=76"},"modified":"2025-11-07T20:13:17","modified_gmt":"2025-11-07T20:13:17","slug":"about-us","status":"publish","type":"page","link":"https:\/\/zapbitz.com\/es\/about-us\/","title":{"rendered":"Sobre nosotros"},"content":{"rendered":"<p>Bienvenido a <strong>ZapBitz<\/strong> Tu centro digital para tecnolog\u00eda inteligente, innovaci\u00f3n y lo \u00faltimo en cultura tecnol\u00f3gica. Ya sea que est\u00e9s explorando nuevas herramientas digitales, siguiendo las tendencias emergentes o buscando nuevas perspectivas sobre tecnolog\u00eda y creatividad, <strong>ZapBitz<\/strong> Est\u00e1 aqu\u00ed para inspirarte e informarte en cada paso del camino.<\/p>\n\n\n\n<p><strong>\u00bfQu\u00e9 nos motiva?<\/strong><br>En <strong>ZapBitz<\/strong>Creemos que la tecnolog\u00eda es m\u00e1s que progreso: es conexi\u00f3n, aprendizaje y transformaci\u00f3n. Nuestra misi\u00f3n es simple: ofrecer contenido atractivo, pr\u00e1ctico y de alta calidad que ayude a los lectores a mantenerse a la vanguardia en un mundo digital en constante evoluci\u00f3n. Nos centramos en hacer que la innovaci\u00f3n sea accesible, reveladora y relevante para todos, desde mentes curiosas hasta profesionales de la tecnolog\u00eda.<\/p>\n\n\n\n<p><strong>Quienes somos<\/strong><br>Somos un equipo de escritores, analistas y entusiastas de la tecnolog\u00eda apasionados por explorar c\u00f3mo la innovaci\u00f3n da forma a nuestras vidas. <strong>ZapBitz<\/strong> Se cre\u00f3 para conectar la informaci\u00f3n con la comprensi\u00f3n, ofreciendo art\u00edculos que explican, simplifican y resaltan las tecnolog\u00edas que transforman el mundo moderno. Desde la inteligencia artificial y las tendencias digitales hasta los dispositivos inteligentes y las herramientas creativas, nuestro objetivo es hacer que las ideas complejas sean claras e inspiradoras.<\/p>\n\n\n\n<p>Aqu\u00ed no eres solo un visitante: eres parte de una comunidad en crecimiento que valora la creatividad, el progreso y el conocimiento.<\/p>\n\n\n\n<p><strong>Complicarse<\/strong><br>\u00bfTienes una idea para una historia o un tema que te gustar\u00eda que cubramos? \u00bfQuieres compartir tu perspectiva o colaborar con nosotros? Nos encantar\u00eda saber de ti.<br>En <strong>ZapBitz<\/strong>Tu voz ayuda a dar forma a la conversaci\u00f3n y al futuro del contenido digital.<\/p>\n\n\n\n<p>Creemos, exploremos e innovemos: una idea, una historia, un avance a la vez.<\/p>","protected":false},"excerpt":{"rendered":"<p>Bienvenido a ZapBitz, tu centro digital para tecnolog\u00eda inteligente, innovaci\u00f3n y lo \u00faltimo en cultura tecnol\u00f3gica. Ya sea que est\u00e9s explorando nuevas herramientas digitales, siguiendo las tendencias emergentes o buscando nuevas perspectivas sobre tecnolog\u00eda y creatividad, ZapBitz est\u00e1 aqu\u00ed para inspirarte e informarte en cada paso del camino. Lo que nos motiva: En ZapBitz, creemos que [\u2026]<\/p>","protected":false},"author":50,"featured_media":0,"parent":0,"menu_order":0,"comment_status":"closed","ping_status":"closed","template":"","meta":{"footnotes":""},"_links":{"self":[{"href":"https:\/\/zapbitz.com\/es\/wp-json\/wp\/v2\/pages\/76"}],"collection":[{"href":"https:\/\/zapbitz.com\/es\/wp-json\/wp\/v2\/pages"}],"about":[{"href":"https:\/\/zapbitz.com\/es\/wp-json\/wp\/v2\/types\/page"}],"author":[{"embeddable":true,"href":"https:\/\/zapbitz.com\/es\/wp-json\/wp\/v2\/users\/50"}],"replies":[{"embeddable":true,"href":"https:\/\/zapbitz.com\/es\/wp-json\/wp\/v2\/comments?post=76"}],"version-history":[{"count":1,"href":"https:\/\/zapbitz.com\/es\/wp-json\/wp\/v2\/pages\/76\/revisions"}],"predecessor-version":[{"id":77,"href":"https:\/\/zapbitz.com\/es\/wp-json\/wp\/v2\/pages\/76\/revisions\/77"}],"wp:attachment":[{"href":"https:\/\/zapbitz.com\/es\/wp-json\/wp\/v2\/media?parent=76"}],"curies":[{"name":"wp","href":"https:\/\/api.w.org\/{rel}","templated":true}]}}