    {"id":78,"date":"2025-11-07T20:15:12","date_gmt":"2025-11-07T20:15:12","guid":{"rendered":"https:\/\/zapbitz.com\/?page_id=78"},"modified":"2025-12-03T17:46:04","modified_gmt":"2025-12-03T17:46:04","slug":"terms-of-use","status":"publish","type":"page","link":"https:\/\/zapbitz.com\/es\/terms-of-use\/","title":{"rendered":"Condiciones de uso"},"content":{"rendered":"<p>\u00daltima actualizaci\u00f3n: noviembre de 2025<\/p>\n\n\n\n<p><strong>ZapBitz<\/strong> Opera como una plataforma independiente de publicaci\u00f3n digital centrada en la tecnolog\u00eda, la innovaci\u00f3n y la cultura digital. Al acceder o utilizar este sitio web, acepta los t\u00e9rminos, condiciones y pol\u00edticas que se describen a continuaci\u00f3n.<\/p>\n\n\n\n<p>Estos T\u00e9rminos de uso definen los derechos y responsabilidades de los usuarios que interact\u00faan con el sitio. <strong>ZapBitz<\/strong> plataforma. El uso del sitio web tambi\u00e9n est\u00e1 sujeto a nuestras <strong>pol\u00edtica de privacidad<\/strong>.<\/p>\n\n\n\n<p><strong>LEA ESTOS T\u00c9RMINOS DETENIDAMENTE. SI NO EST\u00c1 DE ACUERDO CON ELLOS, NO UTILICE ZAPBITZ NI NINGUNO DE SUS SERVICIOS.<\/strong><\/p>\n\n\n\n<p><strong>Art\u00edculo I \u2013 Acuerdo de usuario<\/strong><br>1.1 Mediante el uso <strong>ZapBitz<\/strong>, usted confirma su plena aceptaci\u00f3n de estos T\u00e9rminos de Uso y nuestra Pol\u00edtica de Privacidad.<br>1.2 Debe tener al menos 18 a\u00f1os o tener capacidad legal en su jurisdicci\u00f3n para utilizar esta plataforma.<br>1.3 Si no cumple con estas condiciones o no est\u00e1 de acuerdo con alguna parte de estos t\u00e9rminos, no podr\u00e1 acceder ni utilizar nuestros servicios.<\/p>\n\n\n\n<p><strong>Art\u00edculo II \u2013 Comunicaci\u00f3n<\/strong><br>2.1 <strong>ZapBitz<\/strong> Proporciona canales de comunicaci\u00f3n para que los usuarios env\u00eden preguntas, sugerencias o informes t\u00e9cnicos.<br>2.2 Puede ponerse en contacto con nosotros a trav\u00e9s de nuestra p\u00e1gina de contacto o mediante las direcciones de correo electr\u00f3nico designadas all\u00ed proporcionadas.<\/p>\n\n\n\n<p><strong>Art\u00edculo III \u2013 Responsabilidades de las Partes<\/strong><br>3.1 Los usuarios deben cumplir con estos T\u00e9rminos de uso y la Pol\u00edtica de privacidad al interactuar con <strong>ZapBitz<\/strong> contenido o servicios.<br>3.2 <strong>ZapBitz<\/strong> Puede incluir enlaces a sitios web de terceros con fines informativos. Estos se proporcionan \u00fanicamente para su comodidad.<br>3.3 Una vez redirigidos, los usuarios estar\u00e1n sujetos a las pol\u00edticas del sitio de terceros. <strong>ZapBitz<\/strong> no es responsable de la precisi\u00f3n, pr\u00e1cticas o confiabilidad de sitios web externos.<br>3.4 Los usuarios son responsables de la seguridad de su conexi\u00f3n a Internet, dispositivos y acceso a su cuenta mientras utilizan el sitio.<br>3.5 <strong>ZapBitz<\/strong> no es responsable de da\u00f1os causados por problemas t\u00e9cnicos, acceso no autorizado o mal uso de la plataforma fuera de nuestro control.<br>3.6 Nunca solicitaremos transferencias bancarias, datos confidenciales o informaci\u00f3n personal sensible a trav\u00e9s de canales no oficiales.<br>3.7 Cualquier actividad sospechosa o mensajes que afirmen representar <strong>ZapBitz<\/strong> Debe informarse inmediatamente a trav\u00e9s de nuestra p\u00e1gina de contacto.<\/p>\n\n\n\n<p><strong>Art\u00edculo IV \u2013 Conducta prohibida<\/strong><br>Los usuarios tienen prohibido:<br>Participar en conductas ilegales, fraudulentas o maliciosas;<br>Violar derechos de propiedad intelectual o leyes de privacidad;<br>Cargar o distribuir virus o c\u00f3digos da\u00f1inos;<br>Suplantar la identidad de personas o entidades;<br>Recopilar o compartir datos sin consentimiento;<br>Publicar contenido falso, enga\u00f1oso o no autorizado;<br>Acosar, amenazar o difamar a otros;<br>Intentar hackear o interrumpir la funcionalidad de la plataforma.<\/p>\n\n\n\n<p>Las infracciones pueden resultar en la suspensi\u00f3n temporal o permanente del acceso a <strong>ZapBitz<\/strong>, sin previo aviso.<\/p>\n\n\n\n<p><strong>Art\u00edculo V \u2013 Limitaci\u00f3n de responsabilidad y garant\u00edas<\/strong><br><strong>ZapBitz<\/strong> proporciona su contenido y servicios \u201ctal cual\u201d y \u201cseg\u00fan disponibilidad\u201d, sin garant\u00edas expresas o impl\u00edcitas.<br>No garantizamos el acceso ininterrumpido, el funcionamiento sin errores ni que el contenido est\u00e9 siempre actualizado o sea adecuado para todos los usuarios.<br>En la m\u00e1xima medida permitida por la ley, <strong>ZapBitz<\/strong> no asume ninguna responsabilidad por da\u00f1os directos, indirectos, incidentales o consecuentes que resulten del uso o la imposibilidad de usar el sitio web o su contenido.<\/p>\n\n\n\n<p><strong>Art\u00edculo VI \u2013 Plazo y plazo legal<\/strong><br>Estos T\u00e9rminos de Uso tienen una vigencia indefinida. Cualquier reclamaci\u00f3n o disputa legal relacionada con el sitio web deber\u00e1 iniciarse dentro de <strong>90 (noventa) d\u00edas<\/strong> del evento que motiv\u00f3 el reclamo.<\/p>\n\n\n\n<p><strong>Art\u00edculo VII \u2013 Ley aplicable y jurisdicci\u00f3n<\/strong><br>Estos T\u00e9rminos de uso se rigen e interpretan de conformidad con las <strong>leyes de la Rep\u00fablica de Estonia<\/strong>.<br>Cualquier disputa, controversia o reclamo que surja o est\u00e9 relacionado con estos T\u00e9rminos o el uso del sitio web se resolver\u00e1 de conformidad con los t\u00e9rminos y condiciones. <strong>Jurisdicci\u00f3n exclusiva de los tribunales ubicados en Tallin, Estonia<\/strong>.<br>Esta cl\u00e1usula garantiza el cumplimiento de las <strong>Ley de obligaciones de Estonia<\/strong> y el <strong>Ley de Derecho Internacional Privado<\/strong>.<\/p>\n\n\n\n<p><strong>Art\u00edculo VIII \u2013 Propiedad intelectual<\/strong><br>8.1 Todo el contenido de <strong>ZapBitz<\/strong>, incluidos art\u00edculos, gr\u00e1ficos, textos y marcas, est\u00e1 protegido por las leyes de propiedad intelectual.<br>8.2 No puede copiar, reproducir, republicar ni distribuir ninguna parte del contenido del sitio web sin autorizaci\u00f3n previa por escrito de <strong>ZapBitz<\/strong>.<br>8.3 El contenido enviado por el usuario sigue siendo responsabilidad del colaborador. <strong>ZapBitz<\/strong> se reserva el derecho de eliminar cualquier contenido que viole los est\u00e1ndares legales o \u00e9ticos.<\/p>\n\n\n\n<p><strong>Art\u00edculo IX \u2013 Modificaciones a los T\u00e9rminos<\/strong><br><strong>ZapBitz<\/strong> se reserva el derecho de actualizar, modificar o discontinuar cualquier parte de estos T\u00e9rminos o servicios en cualquier momento, sin previo aviso.<br>Es responsabilidad del usuario revisar esta p\u00e1gina peri\u00f3dicamente. El uso continuado del sitio web implica la aceptaci\u00f3n de las condiciones actualizadas.<\/p>\n\n\n\n<p><strong>Art\u00edculo X \u2013 Contacto<\/strong><br>Si tiene preguntas, inquietudes o comentarios sobre estos T\u00e9rminos de uso, cont\u00e1ctenos a trav\u00e9s de:<br><a href=\"https:\/\/zapbitz.com\/es\/contact\/\">https:\/\/zapbitz.com\/contact<\/a><br>Correo electr\u00f3nico: <strong>contacto@zapbitz.com<\/strong><\/p>\n\n\n\n<p><strong>SI NO EST\u00c1 DE ACUERDO CON ESTOS T\u00c9RMINOS, ABST\u00c9NGASE DE UTILIZAR ZAPBITZ Y SUS SERVICIOS.<\/strong><\/p>","protected":false},"excerpt":{"rendered":"<p>Last updated: Nov, 2025 ZapBitz operates as an independent digital publishing platform focused on technology, innovation, and digital culture. By accessing or using this website, you agree to the terms, conditions, and policies outlined below. These Terms of Use define the rights and responsibilities of users interacting with the ZapBitz platform. Use of the website [&hellip;]<\/p>","protected":false},"author":50,"featured_media":0,"parent":0,"menu_order":0,"comment_status":"closed","ping_status":"closed","template":"","meta":{"footnotes":""},"_links":{"self":[{"href":"https:\/\/zapbitz.com\/es\/wp-json\/wp\/v2\/pages\/78"}],"collection":[{"href":"https:\/\/zapbitz.com\/es\/wp-json\/wp\/v2\/pages"}],"about":[{"href":"https:\/\/zapbitz.com\/es\/wp-json\/wp\/v2\/types\/page"}],"author":[{"embeddable":true,"href":"https:\/\/zapbitz.com\/es\/wp-json\/wp\/v2\/users\/50"}],"replies":[{"embeddable":true,"href":"https:\/\/zapbitz.com\/es\/wp-json\/wp\/v2\/comments?post=78"}],"version-history":[{"count":3,"href":"https:\/\/zapbitz.com\/es\/wp-json\/wp\/v2\/pages\/78\/revisions"}],"predecessor-version":[{"id":130,"href":"https:\/\/zapbitz.com\/es\/wp-json\/wp\/v2\/pages\/78\/revisions\/130"}],"wp:attachment":[{"href":"https:\/\/zapbitz.com\/es\/wp-json\/wp\/v2\/media?parent=78"}],"curies":[{"name":"wp","href":"https:\/\/api.w.org\/{rel}","templated":true}]}}