    {"id":74,"date":"2025-11-07T20:12:11","date_gmt":"2025-11-07T20:12:11","guid":{"rendered":"https:\/\/zapbitz.com\/?page_id=74"},"modified":"2025-12-03T17:45:10","modified_gmt":"2025-12-03T17:45:10","slug":"contact","status":"publish","type":"page","link":"https:\/\/zapbitz.com\/fr\/contact\/","title":{"rendered":"Contact"},"content":{"rendered":"<p>Merci de votre visite <strong>ZapBitz<\/strong>Votre source de confiance pour les tendances num\u00e9riques, les technologies intelligentes et les innovations. Nous accordons une grande importance \u00e0 vos messages et sommes l\u00e0 pour \u00e9changer, collaborer et vous accompagner dans votre transformation num\u00e9rique.<\/p>\n\n\n\n<h3 class=\"wp-block-heading\"><strong>Renseignements g\u00e9n\u00e9raux<\/strong><\/h3>\n\n\n\n<p>Vous avez une question \u00e0 propos de <strong>ZapBitz<\/strong> Ou souhaitez-vous simplement prendre contact ?<br>Envoyez-nous un e-mail \u00e0 <strong>contact@zapbitz.com<\/strong><br>Nous adorons recevoir des nouvelles de nos lecteurs et partenaires, et nous vous r\u00e9pondrons dans les plus brefs d\u00e9lais.<\/p>\n\n\n\n<h3 class=\"wp-block-heading\"><strong>Suggestions et contributions de contenu<\/strong><\/h3>\n\n\n\n<p>Vous avez une id\u00e9e d&#039;article\u00a0? Vous souhaitez partager votre expertise en mati\u00e8re de technologie, d&#039;innovation ou de culture num\u00e9rique\u00a0?<br>Contactez <strong>contact@zapbitz.com<\/strong><br>Nous sommes toujours \u00e0 la recherche de perspectives nouvelles et d&#039;esprits cr\u00e9atifs d\u00e9sireux d&#039;explorer l&#039;avenir de la technologie et de partager des id\u00e9es pr\u00e9cieuses avec notre public.<\/p>\n\n\n\n<h3 class=\"wp-block-heading\"><strong>Assistance technique<\/strong><\/h3>\n\n\n\n<p>Si vous rencontrez des probl\u00e8mes avec notre site web, nos newsletters ou l&#039;acc\u00e8s \u00e0 notre contenu, n&#039;h\u00e9sitez pas \u00e0 nous contacter. <strong>contact@zapbitz.com<\/strong><br>Nous sommes l\u00e0 pour nous assurer que votre exp\u00e9rience avec <strong>ZapBitz<\/strong> est fluide, s\u00e9curis\u00e9 et agr\u00e9able.<\/p>\n\n\n\n<h3 class=\"wp-block-heading\"><strong>Restez connect\u00e9s<\/strong><\/h3>\n\n\n\n<p><strong>ZapBitz<\/strong> est une plateforme num\u00e9rique con\u00e7ue pour les lecteurs, les professionnels et les innovateurs du monde entier.<br>Bien que nous n&#039;ayons pas de bureau physique, nous sommes toujours en ligne, pr\u00eats \u00e0 \u00e9couter, \u00e0 collaborer et \u00e0 \u00e9voluer avec notre communaut\u00e9.<\/p>\n\n\n\n<p>Merci d&#039;avoir fait partie de la <strong>ZapBitz<\/strong> communaut\u00e9.<br>Nous esp\u00e9rons avoir bient\u00f4t de vos nouvelles !<\/p>\n\n\n\n<p>Cordialement,<br><strong>L&#039;\u00e9quipe ZapBitz<\/strong><\/p>","protected":false},"excerpt":{"rendered":"<p>Thank you for visiting ZapBitz, your trusted source for digital trends, smart technology, and innovation insights. We truly value your messages and are here to connect, collaborate, and support your digital journey. General Inquiries Have a question about ZapBitz or just want to get in touch?Email us at contact@ zapbitz.comWe love hearing from our readers [&hellip;]<\/p>","protected":false},"author":50,"featured_media":0,"parent":0,"menu_order":0,"comment_status":"closed","ping_status":"closed","template":"","meta":{"footnotes":""},"_links":{"self":[{"href":"https:\/\/zapbitz.com\/fr\/wp-json\/wp\/v2\/pages\/74"}],"collection":[{"href":"https:\/\/zapbitz.com\/fr\/wp-json\/wp\/v2\/pages"}],"about":[{"href":"https:\/\/zapbitz.com\/fr\/wp-json\/wp\/v2\/types\/page"}],"author":[{"embeddable":true,"href":"https:\/\/zapbitz.com\/fr\/wp-json\/wp\/v2\/users\/50"}],"replies":[{"embeddable":true,"href":"https:\/\/zapbitz.com\/fr\/wp-json\/wp\/v2\/comments?post=74"}],"version-history":[{"count":3,"href":"https:\/\/zapbitz.com\/fr\/wp-json\/wp\/v2\/pages\/74\/revisions"}],"predecessor-version":[{"id":129,"href":"https:\/\/zapbitz.com\/fr\/wp-json\/wp\/v2\/pages\/74\/revisions\/129"}],"wp:attachment":[{"href":"https:\/\/zapbitz.com\/fr\/wp-json\/wp\/v2\/media?parent=74"}],"curies":[{"name":"wp","href":"https:\/\/api.w.org\/{rel}","templated":true}]}}