    {"id":76,"date":"2025-11-07T20:13:17","date_gmt":"2025-11-07T20:13:17","guid":{"rendered":"https:\/\/zapbitz.com\/?page_id=76"},"modified":"2025-11-07T20:13:17","modified_gmt":"2025-11-07T20:13:17","slug":"about-us","status":"publish","type":"page","link":"https:\/\/zapbitz.com\/fr\/about-us\/","title":{"rendered":"\u00c0 propos de nous"},"content":{"rendered":"<p>Bienvenue sur <strong>ZapBitz<\/strong> \u2013 votre plateforme num\u00e9rique d\u00e9di\u00e9e aux technologies intelligentes, \u00e0 l&#039;innovation et aux derni\u00e8res tendances de la culture tech. Que vous souhaitiez explorer de nouveaux outils num\u00e9riques, suivre les tendances \u00e9mergentes ou d\u00e9couvrir de nouvelles perspectives sur la technologie et la cr\u00e9ativit\u00e9, <strong>ZapBitz<\/strong> est l\u00e0 pour vous inspirer et vous informer \u00e0 chaque \u00e9tape.<\/p>\n\n\n\n<p><strong>Ce qui nous motive<\/strong><br>\u00c0 <strong>ZapBitz<\/strong>Nous sommes convaincus que la technologie est bien plus qu&#039;un simple progr\u00e8s\u00a0: c&#039;est une connexion, un apprentissage et une transformation. Notre mission est simple\u00a0: proposer un contenu captivant, pratique et de grande qualit\u00e9 pour aider nos lecteurs \u00e0 garder une longueur d&#039;avance dans un monde num\u00e9rique en constante \u00e9volution. Nous nous attachons \u00e0 rendre l&#039;innovation accessible, instructive et pertinente pour tous, des esprits curieux aux professionnels de la tech.<\/p>\n\n\n\n<p><strong>Qui sommes-nous ?<\/strong><br>Nous sommes une \u00e9quipe de r\u00e9dacteurs, d&#039;analystes et de passionn\u00e9s de technologie, tous anim\u00e9s par la volont\u00e9 d&#039;explorer comment l&#039;innovation fa\u00e7onne nos vies. <strong>ZapBitz<\/strong> Ce site a \u00e9t\u00e9 cr\u00e9\u00e9 pour faciliter l&#039;acc\u00e8s \u00e0 l&#039;information et \u00e0 sa compr\u00e9hension, en proposant des articles qui expliquent, simplifient et mettent en lumi\u00e8re les technologies qui transforment le monde moderne. De l&#039;intelligence artificielle aux tendances num\u00e9riques, en passant par les appareils intelligents et les outils cr\u00e9atifs, notre objectif est de rendre les concepts complexes clairs et inspirants.<\/p>\n\n\n\n<p>Ici, vous n&#039;\u00eates pas qu&#039;un simple visiteur\u00a0; vous faites partie d&#039;une communaut\u00e9 en pleine expansion qui valorise la cr\u00e9ativit\u00e9, le progr\u00e8s et le savoir.<\/p>\n\n\n\n<p><strong>Impliquez-vous<\/strong><br>Vous avez une id\u00e9e d&#039;article ou un sujet que vous aimeriez voir trait\u00e9\u00a0? Vous souhaitez partager votre point de vue ou collaborer avec nous\u00a0? N&#039;h\u00e9sitez pas \u00e0 nous contacter.<br>\u00c0 <strong>ZapBitz<\/strong>Votre voix contribue \u00e0 fa\u00e7onner le d\u00e9bat et l&#039;avenir du contenu num\u00e9rique.<\/p>\n\n\n\n<p>Cr\u00e9ons, explorons et innovons \u2014 une id\u00e9e, une histoire, une avanc\u00e9e \u00e0 la fois.<\/p>","protected":false},"excerpt":{"rendered":"<p>Bienvenue sur ZapBitz \u2013 votre plateforme num\u00e9rique d\u00e9di\u00e9e aux technologies intelligentes, \u00e0 l&#039;innovation et aux derni\u00e8res tendances de la culture tech. Que vous exploriez de nouveaux outils num\u00e9riques, suiviez les tendances \u00e9mergentes ou recherchiez des perspectives in\u00e9dites sur la technologie et la cr\u00e9ativit\u00e9, ZapBitz est l\u00e0 pour vous inspirer et vous informer \u00e0 chaque \u00e9tape. Ce qui nous motive\u00a0: Chez ZapBitz, nous croyons que [\u2026]<\/p>","protected":false},"author":50,"featured_media":0,"parent":0,"menu_order":0,"comment_status":"closed","ping_status":"closed","template":"","meta":{"footnotes":""},"_links":{"self":[{"href":"https:\/\/zapbitz.com\/fr\/wp-json\/wp\/v2\/pages\/76"}],"collection":[{"href":"https:\/\/zapbitz.com\/fr\/wp-json\/wp\/v2\/pages"}],"about":[{"href":"https:\/\/zapbitz.com\/fr\/wp-json\/wp\/v2\/types\/page"}],"author":[{"embeddable":true,"href":"https:\/\/zapbitz.com\/fr\/wp-json\/wp\/v2\/users\/50"}],"replies":[{"embeddable":true,"href":"https:\/\/zapbitz.com\/fr\/wp-json\/wp\/v2\/comments?post=76"}],"version-history":[{"count":1,"href":"https:\/\/zapbitz.com\/fr\/wp-json\/wp\/v2\/pages\/76\/revisions"}],"predecessor-version":[{"id":77,"href":"https:\/\/zapbitz.com\/fr\/wp-json\/wp\/v2\/pages\/76\/revisions\/77"}],"wp:attachment":[{"href":"https:\/\/zapbitz.com\/fr\/wp-json\/wp\/v2\/media?parent=76"}],"curies":[{"name":"wp","href":"https:\/\/api.w.org\/{rel}","templated":true}]}}